{"id":3120,"date":"2020-09-30T15:54:35","date_gmt":"2020-09-30T13:54:35","guid":{"rendered":"https:\/\/www.tsallin.ch\/product\/syrah\/"},"modified":"2020-12-04T15:05:14","modified_gmt":"2020-12-04T14:05:14","slug":"syrah","status":"publish","type":"product","link":"https:\/\/www.tsallin.ch\/en\/product\/syrah\/","title":{"rendered":"Syrah"},"content":{"rendered":"<div class=\"wpb-content-wrapper\"><p>[vc_row][vc_column][vc_tta_accordion shape=&#8221;square&#8221; color=&#8221;white&#8221; c_icon=&#8221;chevron&#8221; c_position=&#8221;right&#8221; active_section=&#8221;&#8221; collapsible_all=&#8221;true&#8221;][vc_tta_section i_type=&#8221;diwine&#8221; i_icon_diwine=&#8221;oic-diwine1-037-grapes&#8221; add_icon=&#8221;true&#8221; title=&#8221;Presentation&#8221; tab_id=&#8221;accrdn-002&#8243;][vc_column_text]Syrah, present in the famous C\u00f4tes R\u00f4ties and Hermitage, settled in Valais in 1926. It became an international star, rivaling the greatest cuv\u00e9es of the C\u00f4tes du Rh\u00f4ne, Australia and California. A powerful and noble wine which is called to age.<\/p>\n<h6>Maturity<\/h6>\n<p>5 to 10 years.[\/vc_column_text][\/vc_tta_section][vc_tta_section i_type=&#8221;diwine&#8221; add_icon=&#8221;true&#8221; title=&#8221;Tasting&#8221; tab_id=&#8221;acrdn-001&#8243;][vc_column_text]<\/p>\n<h6>Aromas<\/h6>\n<p>Notes of spices, black pepper, cloves and forest berries.<\/p>\n<h6>Palace<\/h6>\n<p>Full-bodied and structured wine, racy tannin, leather.<\/p>\n<h6>Color<\/h6>\n<p>Purple dress.<\/p>\n<h6>Food pairings<\/h6>\n<p>Hunting, red meat, lamb tagine with spices, duck breast with cherries.<\/p>\n<h6>Operating temperature<\/h6>\n<p>Between 14 \u00b0 C and 16 \u00b0 C.[\/vc_column_text][\/vc_tta_section][vc_tta_section i_type=&#8221;diwine&#8221; i_icon_diwine=&#8221;oic-diwine1-031-barrel-1&#8243; add_icon=&#8221;true&#8221; title=&#8221;Technical informations&#8221; tab_id=&#8221;accrdn-003&#8243;][vc_column_text]<\/p>\n<h6>Grape variety<\/h6>\n<p>100% Syrah.<\/p>\n<h6>Appellation<\/h6>\n<p>AOC Valais<\/p>\n<h6>Cuv\u00e9e<\/h6>\n<p>Fin Bec Syrah<\/p>\n<h6>Region<\/h6>\n<p>Valais<\/p>\n<h6>Vintage<\/h6>\n<p>2017<\/p>\n<h6>Degree of alcohol<\/h6>\n<p>12 % voL[\/vc_column_text][\/vc_tta_section][\/vc_tta_accordion][\/vc_column][\/vc_row]<\/p>\n<\/div>","protected":false},"excerpt":{"rendered":"<p>Vintage : 2017<\/p>\n","protected":false},"featured_media":2962,"template":"","meta":{"_seopress_robots_primary_cat":"","_seopress_titles_title":"","_seopress_titles_desc":"","_seopress_robots_index":""},"product_brand":[],"product_cat":[88],"product_tag":[],"class_list":{"0":"post-3120","1":"product","2":"type-product","3":"status-publish","4":"has-post-thumbnail","6":"product_cat-fin-bec-en","7":"has_thumb","8":null,"10":"first","11":"instock","12":"shipping-taxable","13":"purchasable","14":"product-type-simple"},"_links":{"self":[{"href":"https:\/\/www.tsallin.ch\/en\/wp-json\/wp\/v2\/product\/3120","targetHints":{"allow":["GET"]}}],"collection":[{"href":"https:\/\/www.tsallin.ch\/en\/wp-json\/wp\/v2\/product"}],"about":[{"href":"https:\/\/www.tsallin.ch\/en\/wp-json\/wp\/v2\/types\/product"}],"wp:featuredmedia":[{"embeddable":true,"href":"https:\/\/www.tsallin.ch\/en\/wp-json\/wp\/v2\/media\/2962"}],"wp:attachment":[{"href":"https:\/\/www.tsallin.ch\/en\/wp-json\/wp\/v2\/media?parent=3120"}],"wp:term":[{"taxonomy":"product_brand","embeddable":true,"href":"https:\/\/www.tsallin.ch\/en\/wp-json\/wp\/v2\/product_brand?post=3120"},{"taxonomy":"product_cat","embeddable":true,"href":"https:\/\/www.tsallin.ch\/en\/wp-json\/wp\/v2\/product_cat?post=3120"},{"taxonomy":"product_tag","embeddable":true,"href":"https:\/\/www.tsallin.ch\/en\/wp-json\/wp\/v2\/product_tag?post=3120"}],"curies":[{"name":"wp","href":"https:\/\/api.w.org\/{rel}","templated":true}]}}