{"id":3091,"date":"2020-10-01T14:04:33","date_gmt":"2020-10-01T12:04:33","guid":{"rendered":"https:\/\/www.tsallin.ch\/product\/cheval-fou\/"},"modified":"2020-12-04T14:23:09","modified_gmt":"2020-12-04T13:23:09","slug":"cheval-fou","status":"publish","type":"product","link":"https:\/\/www.tsallin.ch\/en\/product\/cheval-fou\/","title":{"rendered":"Syrah"},"content":{"rendered":"<div class=\"wpb-content-wrapper\"><p>[vc_row][vc_column][vc_tta_accordion shape=&#8221;square&#8221; color=&#8221;white&#8221; c_icon=&#8221;chevron&#8221; c_position=&#8221;right&#8221; active_section=&#8221;&#8221; collapsible_all=&#8221;true&#8221;][vc_tta_section i_type=&#8221;diwine&#8221; i_icon_diwine=&#8221;oic-diwine1-037-grapes&#8221; add_icon=&#8221;true&#8221; title=&#8221;Presentation&#8221; tab_id=&#8221;accrdn-002&#8243;][vc_column_text]The Syrah present in the famous C\u00f4tes R\u00f4ties and Hermitage, it settled in Valais in 1926. It became an international star that rivaled the greatest cuv\u00e9es of the C\u00f4tes du Rh\u00f4ne, Australia and California.<\/p>\n<p>Made from old vines of 33 years old located in Conthey, and harvested in the old fashioned way of small grains, and aged in oak barrels for 11 to 36 months, gives us a powerful, balanced and noble wine which is called to age.<\/p>\n<p>&nbsp;<\/p>\n<p>&nbsp;<\/p>\n<p>&nbsp;<\/p>\n<h6>Maturity<\/h6>\n<p>5 to 8 years old.[\/vc_column_text][\/vc_tta_section][vc_tta_section i_type=&#8221;diwine&#8221; add_icon=&#8221;true&#8221; title=&#8221;Tasting&#8221; tab_id=&#8221;acrdn-001&#8243;][vc_column_text]<\/p>\n<h6>Aromas<\/h6>\n<p>Notes of spices, black pepper, cloves and forest berries.<\/p>\n<h6>Palace<\/h6>\n<p>Full-bodied and structured wine, racy tannin, with aromas of nutmeg and violet.<\/p>\n<h6>Color<\/h6>\n<p>Purple dress.<\/p>\n<h6>Food pairings<\/h6>\n<p>Pairs with red meats, game and spicy dishes.<\/p>\n<h6>Operating temperature<\/h6>\n<p>Ambient temperature 18 \u00b0 C.[\/vc_column_text][\/vc_tta_section][vc_tta_section i_type=&#8221;diwine&#8221; i_icon_diwine=&#8221;oic-diwine1-031-barrel-1&#8243; add_icon=&#8221;true&#8221; title=&#8221;Technical informations&#8221; tab_id=&#8221;accrdn-003&#8243;][vc_column_text]<\/p>\n<h6>Grape variety<\/h6>\n<p>100% Syrah<\/p>\n<h6>Appellation<\/h6>\n<p>AOC Valais<\/p>\n<h6>Cuv\u00e9e<\/h6>\n<p>Tsallin Syrah<\/p>\n<h6>Region<\/h6>\n<p>Valais<\/p>\n<h6>Vintage<\/h6>\n<p>2019<\/p>\n<h6>Degree of alcohol<\/h6>\n<p>13% voL[\/vc_column_text][\/vc_tta_section][\/vc_tta_accordion][\/vc_column][\/vc_row]<\/p>\n<\/div>","protected":false},"excerpt":{"rendered":"<p>Vintage : 2019<\/p>\n","protected":false},"featured_media":2803,"template":"","meta":{"_seopress_robots_primary_cat":"","_seopress_titles_title":"","_seopress_titles_desc":"","_seopress_robots_index":""},"product_brand":[],"product_cat":[90],"product_tag":[],"class_list":{"0":"post-3091","1":"product","2":"type-product","3":"status-publish","4":"has-post-thumbnail","6":"product_cat-tsallin-en","7":"has_thumb","8":null,"10":"first","11":"instock","12":"shipping-taxable","13":"purchasable","14":"product-type-simple"},"_links":{"self":[{"href":"https:\/\/www.tsallin.ch\/en\/wp-json\/wp\/v2\/product\/3091","targetHints":{"allow":["GET"]}}],"collection":[{"href":"https:\/\/www.tsallin.ch\/en\/wp-json\/wp\/v2\/product"}],"about":[{"href":"https:\/\/www.tsallin.ch\/en\/wp-json\/wp\/v2\/types\/product"}],"wp:featuredmedia":[{"embeddable":true,"href":"https:\/\/www.tsallin.ch\/en\/wp-json\/wp\/v2\/media\/2803"}],"wp:attachment":[{"href":"https:\/\/www.tsallin.ch\/en\/wp-json\/wp\/v2\/media?parent=3091"}],"wp:term":[{"taxonomy":"product_brand","embeddable":true,"href":"https:\/\/www.tsallin.ch\/en\/wp-json\/wp\/v2\/product_brand?post=3091"},{"taxonomy":"product_cat","embeddable":true,"href":"https:\/\/www.tsallin.ch\/en\/wp-json\/wp\/v2\/product_cat?post=3091"},{"taxonomy":"product_tag","embeddable":true,"href":"https:\/\/www.tsallin.ch\/en\/wp-json\/wp\/v2\/product_tag?post=3091"}],"curies":[{"name":"wp","href":"https:\/\/api.w.org\/{rel}","templated":true}]}}